{"id":540,"date":"2025-02-28T19:26:40","date_gmt":"2025-02-28T18:26:40","guid":{"rendered":"https:\/\/www.refreshyourlife.at\/graz-stpeter\/datenschutzverein\/"},"modified":"2025-04-09T12:15:56","modified_gmt":"2025-04-09T10:15:56","slug":"datenschutz","status":"publish","type":"page","link":"https:\/\/www.refreshyourlife.at\/poellau\/datenschutz\/","title":{"rendered":"Datenschutz"},"content":{"rendered":"\t\t<div data-elementor-type=\"wp-page\" data-elementor-id=\"540\" class=\"elementor elementor-540\" data-elementor-post-type=\"page\">\n\t\t\t\t<div class=\"elementor-element elementor-element-55247a7 e-flex e-con-boxed e-con e-parent\" data-id=\"55247a7\" data-element_type=\"container\" data-e-type=\"container\">\n\t\t\t\t\t<div class=\"e-con-inner\">\n\t\t\t\t<div class=\"elementor-element elementor-element-05d8a7a elementor-widget elementor-widget-heading\" data-id=\"05d8a7a\" data-element_type=\"widget\" data-e-type=\"widget\" data-widget_type=\"heading.default\">\n\t\t\t\t<div class=\"elementor-widget-container\">\n\t\t\t\t\t<h2 class=\"elementor-heading-title elementor-size-default\">DATENSCHUTZERKL\u00c4RUNG<\/h2>\t\t\t\t<\/div>\n\t\t\t\t<\/div>\n\t\t\t\t<div class=\"elementor-element elementor-element-e39af12 elementor-widget elementor-widget-text-editor\" data-id=\"e39af12\" data-element_type=\"widget\" data-e-type=\"widget\" data-widget_type=\"text-editor.default\">\n\t\t\t\t<div class=\"elementor-widget-container\">\n\t\t\t\t\t\t\t\t\t<p class=\"\" data-start=\"149\" data-end=\"213\">Diese Anwendung erhebt personenbezogene Daten von ihren Nutzern.<\/p><p class=\"\" data-start=\"215\" data-end=\"320\">Dieses Dokument kann zu Zwecken der Aufbewahrung \u00fcber den Befehl \u201eDrucken\u201c im Browser ausgedruckt werden.<\/p><p class=\"\" data-start=\"322\" data-end=\"412\"><strong data-start=\"322\" data-end=\"335\">Standort:<\/strong><br data-start=\"335\" data-end=\"338\" \/>Schlo\u00df 1, 8225 P\u00f6llau, \u00d6sterreich<br data-start=\"371\" data-end=\"374\" \/><a class=\"cursor-pointer\" rel=\"noopener\" data-start=\"374\" data-end=\"394\">rylpoellau@gmail.com<\/a><br data-start=\"394\" data-end=\"397\" \/>+43 660 3860419<\/p><p class=\"\" data-start=\"414\" data-end=\"506\"><strong data-start=\"414\" data-end=\"427\">ZVR-Zahl:<\/strong> 1231553619<br data-start=\"438\" data-end=\"441\" \/>Schlo\u00df 1, 8225 P\u00f6llau<br data-start=\"462\" data-end=\"465\" \/>\u00d6sterreich<br data-start=\"475\" data-end=\"478\" \/>E-Mail: <a class=\"cursor-pointer\" rel=\"noopener\" data-start=\"486\" data-end=\"506\">rylpoellau@gmail.com<\/a><\/p><h3 class=\"\" data-start=\"508\" data-end=\"534\">Personenbezogene Daten<\/h3><p class=\"\" data-start=\"536\" data-end=\"617\">Die folgenden personenbezogenen Daten werden f\u00fcr verschiedene Zwecke verarbeitet:<\/p><ul data-start=\"618\" data-end=\"789\"><li class=\"\" data-start=\"618\" data-end=\"674\"><p class=\"\" data-start=\"620\" data-end=\"674\"><strong data-start=\"620\" data-end=\"633\">Analytik:<\/strong> Google Analytics mit IP-Anonymisierung<\/p><\/li><li class=\"\" data-start=\"675\" data-end=\"739\"><p class=\"\" data-start=\"677\" data-end=\"739\"><strong data-start=\"677\" data-end=\"724\">Anzeigen von Inhalten externer Plattformen:<\/strong> Google Fonts<\/p><\/li><li class=\"\" data-start=\"740\" data-end=\"789\"><p class=\"\" data-start=\"742\" data-end=\"789\"><strong data-start=\"742\" data-end=\"771\">Kontaktieren des Nutzers:<\/strong> Kontaktformular<\/p><\/li><\/ul><h3 class=\"\" data-start=\"791\" data-end=\"807\">Kontaktdaten<\/h3><p class=\"\" data-start=\"809\" data-end=\"996\"><strong data-start=\"809\" data-end=\"843\">Anbieter und Verantwortlicher:<\/strong><br data-start=\"843\" data-end=\"846\" \/><strong data-start=\"846\" data-end=\"879\">P\u00f6llau Refresh Your Life Club<\/strong> \u2013<br data-start=\"881\" data-end=\"884\" \/>Gesundheits &#8211; Forschungsverein f\u00fcr Salzluft, nat\u00fcrliche Ressourcen, Regeneration und moderne Gesundheitsvorsorge<\/p><p class=\"\" data-start=\"998\" data-end=\"1084\"><strong data-start=\"998\" data-end=\"1006\">ZVR:<\/strong> 1231553619<br data-start=\"1017\" data-end=\"1020\" \/>Schlo\u00df 1, 8225 P\u00f6llau, \u00d6sterreich<br data-start=\"1053\" data-end=\"1056\" \/>E-Mail: <a class=\"cursor-pointer\" rel=\"noopener\" data-start=\"1064\" data-end=\"1084\">rylpoellau@gmail.com<\/a><\/p><h3 class=\"\" data-start=\"1086\" data-end=\"1123\">Vollst\u00e4ndige Datenschutzerkl\u00e4rung<\/h3><p class=\"\" data-start=\"1125\" data-end=\"1230\">Zu den personenbezogenen Daten, die diese Anwendung selbstst\u00e4ndig oder durch Dritte verarbeitet, geh\u00f6ren:<\/p><ul data-start=\"1231\" data-end=\"1343\"><li class=\"\" data-start=\"1231\" data-end=\"1252\"><p class=\"\" data-start=\"1233\" data-end=\"1252\">Vorname, Nachname<\/p><\/li><li class=\"\" data-start=\"1253\" data-end=\"1270\"><p class=\"\" data-start=\"1255\" data-end=\"1270\">Telefonnummer<\/p><\/li><li class=\"\" data-start=\"1271\" data-end=\"1296\"><p class=\"\" data-start=\"1273\" data-end=\"1296\">Name des Unternehmens<\/p><\/li><li class=\"\" data-start=\"1297\" data-end=\"1316\"><p class=\"\" data-start=\"1299\" data-end=\"1316\">Adresse, E-Mail<\/p><\/li><li class=\"\" data-start=\"1317\" data-end=\"1343\"><p class=\"\" data-start=\"1319\" data-end=\"1343\">Tracker, Nutzungsdaten<\/p><\/li><\/ul><h3 class=\"\" data-start=\"1345\" data-end=\"1382\">Rechtsgrundlagen der Verarbeitung<\/h3><p class=\"\" data-start=\"1384\" data-end=\"1483\">Die Verarbeitung personenbezogener Daten erfolgt nur bei Vorliegen einer der folgenden Bedingungen:<\/p><ul data-start=\"1484\" data-end=\"1623\"><li class=\"\" data-start=\"1484\" data-end=\"1512\"><p class=\"\" data-start=\"1486\" data-end=\"1512\">Einwilligung des Nutzers<\/p><\/li><li class=\"\" data-start=\"1513\" data-end=\"1541\"><p class=\"\" data-start=\"1515\" data-end=\"1541\">Erf\u00fcllung eines Vertrags<\/p><\/li><li class=\"\" data-start=\"1542\" data-end=\"1587\"><p class=\"\" data-start=\"1544\" data-end=\"1587\">Erf\u00fcllung einer rechtlichen Verpflichtung<\/p><\/li><li class=\"\" data-start=\"1588\" data-end=\"1623\"><p class=\"\" data-start=\"1590\" data-end=\"1623\">Wahrung berechtigter Interessen<\/p><\/li><\/ul><h3 class=\"\" data-start=\"1625\" data-end=\"1646\">Rechte der Nutzer<\/h3><p class=\"\" data-start=\"1648\" data-end=\"1675\">Nutzer haben das Recht auf:<\/p><ul data-start=\"1676\" data-end=\"1881\"><li class=\"\" data-start=\"1676\" data-end=\"1704\"><p class=\"\" data-start=\"1678\" data-end=\"1704\">Auskunft \u00fcber ihre Daten<\/p><\/li><li class=\"\" data-start=\"1705\" data-end=\"1735\"><p class=\"\" data-start=\"1707\" data-end=\"1735\">Berichtigung oder L\u00f6schung<\/p><\/li><li class=\"\" data-start=\"1736\" data-end=\"1770\"><p class=\"\" data-start=\"1738\" data-end=\"1770\">Einschr\u00e4nkung der Verarbeitung<\/p><\/li><li class=\"\" data-start=\"1771\" data-end=\"1800\"><p class=\"\" data-start=\"1773\" data-end=\"1800\">Widerruf der Einwilligung<\/p><\/li><li class=\"\" data-start=\"1801\" data-end=\"1839\"><p class=\"\" data-start=\"1803\" data-end=\"1839\">Widerspruch gegen die Verarbeitung<\/p><\/li><li class=\"\" data-start=\"1840\" data-end=\"1881\"><p class=\"\" data-start=\"1842\" data-end=\"1881\">Beschwerde bei einer Aufsichtsbeh\u00f6rde<\/p><\/li><\/ul><h3 class=\"\" data-start=\"1883\" data-end=\"1925\">\u00c4nderungen dieser Datenschutzerkl\u00e4rung<\/h3><p class=\"\" data-start=\"1927\" data-end=\"2054\">Diese Datenschutzerkl\u00e4rung kann jederzeit aktualisiert werden. Nutzer werden aufgefordert, regelm\u00e4\u00dfig nach \u00c4nderungen zu sehen.<\/p>\t\t\t\t\t\t\t\t<\/div>\n\t\t\t\t<\/div>\n\t\t\t\t\t<\/div>\n\t\t\t\t<\/div>\n\t\t\t\t<\/div>\n\t\t","protected":false},"excerpt":{"rendered":"<p>DATENSCHUTZERKL\u00c4RUNG Diese Anwendung erhebt personenbezogene Daten von ihren Nutzern. Dieses Dokument kann zu Zwecken der Aufbewahrung \u00fcber den Befehl \u201eDrucken\u201c im Browser ausgedruckt werden. Standort:Schlo\u00df 1, 8225 P\u00f6llau, \u00d6sterreichrylpoellau@gmail.com+43 660 3860419 ZVR-Zahl: 1231553619Schlo\u00df 1, 8225 P\u00f6llau\u00d6sterreichE-Mail: rylpoellau@gmail.com Personenbezogene Daten Die folgenden personenbezogenen Daten werden f\u00fcr verschiedene Zwecke verarbeitet: Analytik: Google Analytics mit IP-Anonymisierung Anzeigen von [&hellip;]<\/p>\n","protected":false},"author":1,"featured_media":0,"parent":0,"menu_order":0,"comment_status":"closed","ping_status":"closed","template":"","meta":{"footnotes":""},"class_list":["post-540","page","type-page","status-publish","hentry"],"yoast_head":"<!-- This site is optimized with the Yoast SEO plugin v25.6 - https:\/\/yoast.com\/wordpress\/plugins\/seo\/ -->\n<title>Datenschutz - Refresh Your Life - Graz St. Peter<\/title>\n<meta name=\"description\" content=\"Datenschutz - Deine Daten sind bei uns sicher. Erfahre, wie wir sie sch\u00fctzen und verantwortungsvoll nutzen \u2013 transparent und DSGVO-konform.\" \/>\n<meta name=\"robots\" content=\"index, follow, max-snippet:-1, max-image-preview:large, max-video-preview:-1\" \/>\n<link rel=\"canonical\" href=\"https:\/\/www.refreshyourlife.at\/poellau\/datenschutz\/\" \/>\n<meta property=\"og:locale\" content=\"de_DE\" \/>\n<meta property=\"og:type\" content=\"article\" \/>\n<meta property=\"og:title\" content=\"Datenschutz - Refresh Your Life - Graz St. Peter\" \/>\n<meta property=\"og:description\" content=\"Datenschutz - Deine Daten sind bei uns sicher. Erfahre, wie wir sie sch\u00fctzen und verantwortungsvoll nutzen \u2013 transparent und DSGVO-konform.\" \/>\n<meta property=\"og:url\" content=\"https:\/\/www.refreshyourlife.at\/poellau\/datenschutz\/\" \/>\n<meta property=\"og:site_name\" content=\"Refresh Your Life P\u00f6llau\" \/>\n<meta property=\"article:modified_time\" content=\"2025-04-09T10:15:56+00:00\" \/>\n<meta name=\"twitter:card\" content=\"summary_large_image\" \/>\n<meta name=\"twitter:label1\" content=\"Gesch\u00e4tzte Lesezeit\" \/>\n\t<meta name=\"twitter:data1\" content=\"2 Minuten\" \/>\n<script type=\"application\/ld+json\" class=\"yoast-schema-graph\">{\"@context\":\"https:\/\/schema.org\",\"@graph\":[{\"@type\":\"WebPage\",\"@id\":\"https:\/\/www.refreshyourlife.at\/poellau\/datenschutz\/\",\"url\":\"https:\/\/www.refreshyourlife.at\/poellau\/datenschutz\/\",\"name\":\"Datenschutz - Refresh Your Life - Graz St. Peter\",\"isPartOf\":{\"@id\":\"https:\/\/www.refreshyourlife.at\/poellau\/#website\"},\"datePublished\":\"2025-02-28T18:26:40+00:00\",\"dateModified\":\"2025-04-09T10:15:56+00:00\",\"description\":\"Datenschutz - Deine Daten sind bei uns sicher. Erfahre, wie wir sie sch\u00fctzen und verantwortungsvoll nutzen \u2013 transparent und DSGVO-konform.\",\"breadcrumb\":{\"@id\":\"https:\/\/www.refreshyourlife.at\/poellau\/datenschutz\/#breadcrumb\"},\"inLanguage\":\"de-AT\",\"potentialAction\":[{\"@type\":\"ReadAction\",\"target\":[\"https:\/\/www.refreshyourlife.at\/poellau\/datenschutz\/\"]}]},{\"@type\":\"BreadcrumbList\",\"@id\":\"https:\/\/www.refreshyourlife.at\/poellau\/datenschutz\/#breadcrumb\",\"itemListElement\":[{\"@type\":\"ListItem\",\"position\":1,\"name\":\"Startseite\",\"item\":\"https:\/\/www.refreshyourlife.at\/poellau\/\"},{\"@type\":\"ListItem\",\"position\":2,\"name\":\"Datenschutz\"}]},{\"@type\":\"WebSite\",\"@id\":\"https:\/\/www.refreshyourlife.at\/poellau\/#website\",\"url\":\"https:\/\/www.refreshyourlife.at\/poellau\/\",\"name\":\"Refresh Your Life P\u00f6llau\",\"description\":\"\",\"publisher\":{\"@id\":\"https:\/\/www.refreshyourlife.at\/poellau\/#organization\"},\"potentialAction\":[{\"@type\":\"SearchAction\",\"target\":{\"@type\":\"EntryPoint\",\"urlTemplate\":\"https:\/\/www.refreshyourlife.at\/poellau\/?s={search_term_string}\"},\"query-input\":{\"@type\":\"PropertyValueSpecification\",\"valueRequired\":true,\"valueName\":\"search_term_string\"}}],\"inLanguage\":\"de-AT\"},{\"@type\":\"Organization\",\"@id\":\"https:\/\/www.refreshyourlife.at\/poellau\/#organization\",\"name\":\"Refresh Your Life P\u00f6llau\",\"url\":\"https:\/\/www.refreshyourlife.at\/poellau\/\",\"logo\":{\"@type\":\"ImageObject\",\"inLanguage\":\"de-AT\",\"@id\":\"https:\/\/www.refreshyourlife.at\/poellau\/#\/schema\/logo\/image\/\",\"url\":\"https:\/\/www.refreshyourlife.at\/poellau\/wp-content\/uploads\/sites\/5\/2025\/04\/Vorschaubild2.webp\",\"contentUrl\":\"https:\/\/www.refreshyourlife.at\/poellau\/wp-content\/uploads\/sites\/5\/2025\/04\/Vorschaubild2.webp\",\"width\":512,\"height\":512,\"caption\":\"Refresh Your Life P\u00f6llau\"},\"image\":{\"@id\":\"https:\/\/www.refreshyourlife.at\/poellau\/#\/schema\/logo\/image\/\"}}]}<\/script>\n<!-- \/ Yoast SEO plugin. -->","yoast_head_json":{"title":"Datenschutz - Refresh Your Life - Graz St. Peter","description":"Datenschutz - Deine Daten sind bei uns sicher. Erfahre, wie wir sie sch\u00fctzen und verantwortungsvoll nutzen \u2013 transparent und DSGVO-konform.","robots":{"index":"index","follow":"follow","max-snippet":"max-snippet:-1","max-image-preview":"max-image-preview:large","max-video-preview":"max-video-preview:-1"},"canonical":"https:\/\/www.refreshyourlife.at\/poellau\/datenschutz\/","og_locale":"de_DE","og_type":"article","og_title":"Datenschutz - Refresh Your Life - Graz St. Peter","og_description":"Datenschutz - Deine Daten sind bei uns sicher. Erfahre, wie wir sie sch\u00fctzen und verantwortungsvoll nutzen \u2013 transparent und DSGVO-konform.","og_url":"https:\/\/www.refreshyourlife.at\/poellau\/datenschutz\/","og_site_name":"Refresh Your Life P\u00f6llau","article_modified_time":"2025-04-09T10:15:56+00:00","twitter_card":"summary_large_image","twitter_misc":{"Gesch\u00e4tzte Lesezeit":"2 Minuten"},"schema":{"@context":"https:\/\/schema.org","@graph":[{"@type":"WebPage","@id":"https:\/\/www.refreshyourlife.at\/poellau\/datenschutz\/","url":"https:\/\/www.refreshyourlife.at\/poellau\/datenschutz\/","name":"Datenschutz - Refresh Your Life - Graz St. Peter","isPartOf":{"@id":"https:\/\/www.refreshyourlife.at\/poellau\/#website"},"datePublished":"2025-02-28T18:26:40+00:00","dateModified":"2025-04-09T10:15:56+00:00","description":"Datenschutz - Deine Daten sind bei uns sicher. Erfahre, wie wir sie sch\u00fctzen und verantwortungsvoll nutzen \u2013 transparent und DSGVO-konform.","breadcrumb":{"@id":"https:\/\/www.refreshyourlife.at\/poellau\/datenschutz\/#breadcrumb"},"inLanguage":"de-AT","potentialAction":[{"@type":"ReadAction","target":["https:\/\/www.refreshyourlife.at\/poellau\/datenschutz\/"]}]},{"@type":"BreadcrumbList","@id":"https:\/\/www.refreshyourlife.at\/poellau\/datenschutz\/#breadcrumb","itemListElement":[{"@type":"ListItem","position":1,"name":"Startseite","item":"https:\/\/www.refreshyourlife.at\/poellau\/"},{"@type":"ListItem","position":2,"name":"Datenschutz"}]},{"@type":"WebSite","@id":"https:\/\/www.refreshyourlife.at\/poellau\/#website","url":"https:\/\/www.refreshyourlife.at\/poellau\/","name":"Refresh Your Life P\u00f6llau","description":"","publisher":{"@id":"https:\/\/www.refreshyourlife.at\/poellau\/#organization"},"potentialAction":[{"@type":"SearchAction","target":{"@type":"EntryPoint","urlTemplate":"https:\/\/www.refreshyourlife.at\/poellau\/?s={search_term_string}"},"query-input":{"@type":"PropertyValueSpecification","valueRequired":true,"valueName":"search_term_string"}}],"inLanguage":"de-AT"},{"@type":"Organization","@id":"https:\/\/www.refreshyourlife.at\/poellau\/#organization","name":"Refresh Your Life P\u00f6llau","url":"https:\/\/www.refreshyourlife.at\/poellau\/","logo":{"@type":"ImageObject","inLanguage":"de-AT","@id":"https:\/\/www.refreshyourlife.at\/poellau\/#\/schema\/logo\/image\/","url":"https:\/\/www.refreshyourlife.at\/poellau\/wp-content\/uploads\/sites\/5\/2025\/04\/Vorschaubild2.webp","contentUrl":"https:\/\/www.refreshyourlife.at\/poellau\/wp-content\/uploads\/sites\/5\/2025\/04\/Vorschaubild2.webp","width":512,"height":512,"caption":"Refresh Your Life P\u00f6llau"},"image":{"@id":"https:\/\/www.refreshyourlife.at\/poellau\/#\/schema\/logo\/image\/"}}]}},"_links":{"self":[{"href":"https:\/\/www.refreshyourlife.at\/poellau\/wp-json\/wp\/v2\/pages\/540","targetHints":{"allow":["GET"]}}],"collection":[{"href":"https:\/\/www.refreshyourlife.at\/poellau\/wp-json\/wp\/v2\/pages"}],"about":[{"href":"https:\/\/www.refreshyourlife.at\/poellau\/wp-json\/wp\/v2\/types\/page"}],"author":[{"embeddable":true,"href":"https:\/\/www.refreshyourlife.at\/poellau\/wp-json\/wp\/v2\/users\/1"}],"replies":[{"embeddable":true,"href":"https:\/\/www.refreshyourlife.at\/poellau\/wp-json\/wp\/v2\/comments?post=540"}],"version-history":[{"count":4,"href":"https:\/\/www.refreshyourlife.at\/poellau\/wp-json\/wp\/v2\/pages\/540\/revisions"}],"predecessor-version":[{"id":563,"href":"https:\/\/www.refreshyourlife.at\/poellau\/wp-json\/wp\/v2\/pages\/540\/revisions\/563"}],"wp:attachment":[{"href":"https:\/\/www.refreshyourlife.at\/poellau\/wp-json\/wp\/v2\/media?parent=540"}],"curies":[{"name":"wp","href":"https:\/\/api.w.org\/{rel}","templated":true}]}}