{"id":161,"date":"2025-02-28T19:26:50","date_gmt":"2025-02-28T18:26:50","guid":{"rendered":"https:\/\/www.refreshyourlife.at\/graz-stpeter\/impressumverein\/"},"modified":"2025-04-09T12:45:07","modified_gmt":"2025-04-09T10:45:07","slug":"impressum","status":"publish","type":"page","link":"https:\/\/www.refreshyourlife.at\/poellau\/impressum\/","title":{"rendered":"Impressum"},"content":{"rendered":"\t\t<div data-elementor-type=\"wp-page\" data-elementor-id=\"161\" class=\"elementor elementor-161\" data-elementor-post-type=\"page\">\n\t\t\t\t<div class=\"elementor-element elementor-element-31479d08 e-flex e-con-boxed e-con e-parent\" data-id=\"31479d08\" data-element_type=\"container\" data-e-type=\"container\">\n\t\t\t\t\t<div class=\"e-con-inner\">\n\t\t\t\t<div class=\"elementor-element elementor-element-6b80be9f elementor-widget elementor-widget-heading\" data-id=\"6b80be9f\" data-element_type=\"widget\" data-e-type=\"widget\" data-widget_type=\"heading.default\">\n\t\t\t\t<div class=\"elementor-widget-container\">\n\t\t\t\t\t<h2 class=\"elementor-heading-title elementor-size-default\">Impressum<\/h2>\t\t\t\t<\/div>\n\t\t\t\t<\/div>\n\t\t\t\t<div class=\"elementor-element elementor-element-79c8c8d7 elementor-widget elementor-widget-text-editor\" data-id=\"79c8c8d7\" data-element_type=\"widget\" data-e-type=\"widget\" data-widget_type=\"text-editor.default\">\n\t\t\t\t<div class=\"elementor-widget-container\">\n\t\t\t\t\t\t\t\t\t<p><strong>P\u00f6llau Refresh Your Life Club &#8211;<br \/>Gesundheits &#8211; Forschungs<\/strong><strong>verein f\u00fcr Salzluft, nat\u00fcrliche Ressourcen, Regeneration und moderne Gesundheitsvorsorge<\/strong><\/p><p><span class=\"elementor-icon-list-text\"><strong>Standort:<\/strong> <br \/>Schlo\u00df 1<br \/>8225 P\u00f6llau<br \/>\u00d6sterreich<\/span><\/p><p><strong>E-Mail:<\/strong><a href=\"mailto:rylpoellau@gmail.com\"> rylpoellau@gmail.com<\/a><br \/><strong>Tel:<\/strong><a href=\"tel:+4367764382717\"> +43 (0)677 643 827 17<\/a><\/p><p><strong>ZVR-Zahl:<\/strong> 1231553619<\/p><p><strong>Streitschlichtung<\/strong><\/p><p>Die Europ\u00e4ische Kommission stellt eine Plattform zur Online-Streitbeilegung (OS) bereit: <a href=\"https:\/\/ec.europa.eu\/consumers\/odr\" target=\"_blank\" rel=\"noopener noreferrer\">https:\/\/ec.europa.eu\/consumers\/odr<\/a>.<br \/>Unsere E-Mail-Adresse finden Sie oben im Impressum.<br \/>Wir sind nicht bereit oder verpflichtet, an Streitbeilegungsverfahren vor einer Verbraucherschlichtungsstelle teilzunehmen.<\/p><p><strong>Quellenangaben f\u00fcr die verwendeten Bilder und Grafiken:<\/strong><br \/>Envato elements: <a href=\"http:\/\/elements.envato.com\/\" target=\"_blank\" rel=\"noopener noreferrer\">http:\/\/elements.envato.com<\/a><br \/>Refresh Your Life Club\u00a0<\/p>\t\t\t\t\t\t\t\t<\/div>\n\t\t\t\t<\/div>\n\t\t\t\t\t<\/div>\n\t\t\t\t<\/div>\n\t\t\t\t<\/div>\n\t\t","protected":false},"excerpt":{"rendered":"<p>Impressum P\u00f6llau Refresh Your Life Club &#8211;Gesundheits &#8211; Forschungsverein f\u00fcr Salzluft, nat\u00fcrliche Ressourcen, Regeneration und moderne Gesundheitsvorsorge Standort: Schlo\u00df 18225 P\u00f6llau\u00d6sterreich E-Mail: rylpoellau@gmail.comTel: +43 (0)677 643 827 17 ZVR-Zahl: 1231553619 Streitschlichtung Die Europ\u00e4ische Kommission stellt eine Plattform zur Online-Streitbeilegung (OS) bereit: https:\/\/ec.europa.eu\/consumers\/odr.Unsere E-Mail-Adresse finden Sie oben im Impressum.Wir sind nicht bereit oder verpflichtet, an Streitbeilegungsverfahren [&hellip;]<\/p>\n","protected":false},"author":1,"featured_media":0,"parent":0,"menu_order":0,"comment_status":"closed","ping_status":"closed","template":"","meta":{"footnotes":""},"class_list":["post-161","page","type-page","status-publish","hentry"],"yoast_head":"<!-- This site is optimized with the Yoast SEO plugin v25.6 - https:\/\/yoast.com\/wordpress\/plugins\/seo\/ -->\n<title>Impressum - Refresh Your Life - Graz St. Peter<\/title>\n<meta name=\"description\" content=\"Impressum - Alle rechtlichen Angaben zu unserem Unternehmen: Adresse, Kontakt &amp; Verantwortliche gem\u00e4\u00df gesetzlicher Vorschriften.\" \/>\n<meta name=\"robots\" content=\"index, follow, max-snippet:-1, max-image-preview:large, max-video-preview:-1\" \/>\n<link rel=\"canonical\" href=\"https:\/\/www.refreshyourlife.at\/poellau\/impressum\/\" \/>\n<meta property=\"og:locale\" content=\"de_DE\" \/>\n<meta property=\"og:type\" content=\"article\" \/>\n<meta property=\"og:title\" content=\"Impressum - Refresh Your Life - Graz St. Peter\" \/>\n<meta property=\"og:description\" content=\"Impressum - Alle rechtlichen Angaben zu unserem Unternehmen: Adresse, Kontakt &amp; Verantwortliche gem\u00e4\u00df gesetzlicher Vorschriften.\" \/>\n<meta property=\"og:url\" content=\"https:\/\/www.refreshyourlife.at\/poellau\/impressum\/\" \/>\n<meta property=\"og:site_name\" content=\"Refresh Your Life P\u00f6llau\" \/>\n<meta property=\"article:modified_time\" content=\"2025-04-09T10:45:07+00:00\" \/>\n<meta name=\"twitter:card\" content=\"summary_large_image\" \/>\n<meta name=\"twitter:label1\" content=\"Gesch\u00e4tzte Lesezeit\" \/>\n\t<meta name=\"twitter:data1\" content=\"1 Minute\" \/>\n<script type=\"application\/ld+json\" class=\"yoast-schema-graph\">{\"@context\":\"https:\/\/schema.org\",\"@graph\":[{\"@type\":\"WebPage\",\"@id\":\"https:\/\/www.refreshyourlife.at\/poellau\/impressum\/\",\"url\":\"https:\/\/www.refreshyourlife.at\/poellau\/impressum\/\",\"name\":\"Impressum - Refresh Your Life - Graz St. Peter\",\"isPartOf\":{\"@id\":\"https:\/\/www.refreshyourlife.at\/poellau\/#website\"},\"datePublished\":\"2025-02-28T18:26:50+00:00\",\"dateModified\":\"2025-04-09T10:45:07+00:00\",\"description\":\"Impressum - Alle rechtlichen Angaben zu unserem Unternehmen: Adresse, Kontakt & Verantwortliche gem\u00e4\u00df gesetzlicher Vorschriften.\",\"breadcrumb\":{\"@id\":\"https:\/\/www.refreshyourlife.at\/poellau\/impressum\/#breadcrumb\"},\"inLanguage\":\"de-AT\",\"potentialAction\":[{\"@type\":\"ReadAction\",\"target\":[\"https:\/\/www.refreshyourlife.at\/poellau\/impressum\/\"]}]},{\"@type\":\"BreadcrumbList\",\"@id\":\"https:\/\/www.refreshyourlife.at\/poellau\/impressum\/#breadcrumb\",\"itemListElement\":[{\"@type\":\"ListItem\",\"position\":1,\"name\":\"Startseite\",\"item\":\"https:\/\/www.refreshyourlife.at\/poellau\/\"},{\"@type\":\"ListItem\",\"position\":2,\"name\":\"Impressum\"}]},{\"@type\":\"WebSite\",\"@id\":\"https:\/\/www.refreshyourlife.at\/poellau\/#website\",\"url\":\"https:\/\/www.refreshyourlife.at\/poellau\/\",\"name\":\"Refresh Your Life P\u00f6llau\",\"description\":\"\",\"publisher\":{\"@id\":\"https:\/\/www.refreshyourlife.at\/poellau\/#organization\"},\"potentialAction\":[{\"@type\":\"SearchAction\",\"target\":{\"@type\":\"EntryPoint\",\"urlTemplate\":\"https:\/\/www.refreshyourlife.at\/poellau\/?s={search_term_string}\"},\"query-input\":{\"@type\":\"PropertyValueSpecification\",\"valueRequired\":true,\"valueName\":\"search_term_string\"}}],\"inLanguage\":\"de-AT\"},{\"@type\":\"Organization\",\"@id\":\"https:\/\/www.refreshyourlife.at\/poellau\/#organization\",\"name\":\"Refresh Your Life P\u00f6llau\",\"url\":\"https:\/\/www.refreshyourlife.at\/poellau\/\",\"logo\":{\"@type\":\"ImageObject\",\"inLanguage\":\"de-AT\",\"@id\":\"https:\/\/www.refreshyourlife.at\/poellau\/#\/schema\/logo\/image\/\",\"url\":\"https:\/\/www.refreshyourlife.at\/poellau\/wp-content\/uploads\/sites\/5\/2025\/04\/Vorschaubild2.webp\",\"contentUrl\":\"https:\/\/www.refreshyourlife.at\/poellau\/wp-content\/uploads\/sites\/5\/2025\/04\/Vorschaubild2.webp\",\"width\":512,\"height\":512,\"caption\":\"Refresh Your Life P\u00f6llau\"},\"image\":{\"@id\":\"https:\/\/www.refreshyourlife.at\/poellau\/#\/schema\/logo\/image\/\"}}]}<\/script>\n<!-- \/ Yoast SEO plugin. -->","yoast_head_json":{"title":"Impressum - Refresh Your Life - Graz St. Peter","description":"Impressum - Alle rechtlichen Angaben zu unserem Unternehmen: Adresse, Kontakt & Verantwortliche gem\u00e4\u00df gesetzlicher Vorschriften.","robots":{"index":"index","follow":"follow","max-snippet":"max-snippet:-1","max-image-preview":"max-image-preview:large","max-video-preview":"max-video-preview:-1"},"canonical":"https:\/\/www.refreshyourlife.at\/poellau\/impressum\/","og_locale":"de_DE","og_type":"article","og_title":"Impressum - Refresh Your Life - Graz St. Peter","og_description":"Impressum - Alle rechtlichen Angaben zu unserem Unternehmen: Adresse, Kontakt & Verantwortliche gem\u00e4\u00df gesetzlicher Vorschriften.","og_url":"https:\/\/www.refreshyourlife.at\/poellau\/impressum\/","og_site_name":"Refresh Your Life P\u00f6llau","article_modified_time":"2025-04-09T10:45:07+00:00","twitter_card":"summary_large_image","twitter_misc":{"Gesch\u00e4tzte Lesezeit":"1 Minute"},"schema":{"@context":"https:\/\/schema.org","@graph":[{"@type":"WebPage","@id":"https:\/\/www.refreshyourlife.at\/poellau\/impressum\/","url":"https:\/\/www.refreshyourlife.at\/poellau\/impressum\/","name":"Impressum - Refresh Your Life - Graz St. Peter","isPartOf":{"@id":"https:\/\/www.refreshyourlife.at\/poellau\/#website"},"datePublished":"2025-02-28T18:26:50+00:00","dateModified":"2025-04-09T10:45:07+00:00","description":"Impressum - Alle rechtlichen Angaben zu unserem Unternehmen: Adresse, Kontakt & Verantwortliche gem\u00e4\u00df gesetzlicher Vorschriften.","breadcrumb":{"@id":"https:\/\/www.refreshyourlife.at\/poellau\/impressum\/#breadcrumb"},"inLanguage":"de-AT","potentialAction":[{"@type":"ReadAction","target":["https:\/\/www.refreshyourlife.at\/poellau\/impressum\/"]}]},{"@type":"BreadcrumbList","@id":"https:\/\/www.refreshyourlife.at\/poellau\/impressum\/#breadcrumb","itemListElement":[{"@type":"ListItem","position":1,"name":"Startseite","item":"https:\/\/www.refreshyourlife.at\/poellau\/"},{"@type":"ListItem","position":2,"name":"Impressum"}]},{"@type":"WebSite","@id":"https:\/\/www.refreshyourlife.at\/poellau\/#website","url":"https:\/\/www.refreshyourlife.at\/poellau\/","name":"Refresh Your Life P\u00f6llau","description":"","publisher":{"@id":"https:\/\/www.refreshyourlife.at\/poellau\/#organization"},"potentialAction":[{"@type":"SearchAction","target":{"@type":"EntryPoint","urlTemplate":"https:\/\/www.refreshyourlife.at\/poellau\/?s={search_term_string}"},"query-input":{"@type":"PropertyValueSpecification","valueRequired":true,"valueName":"search_term_string"}}],"inLanguage":"de-AT"},{"@type":"Organization","@id":"https:\/\/www.refreshyourlife.at\/poellau\/#organization","name":"Refresh Your Life P\u00f6llau","url":"https:\/\/www.refreshyourlife.at\/poellau\/","logo":{"@type":"ImageObject","inLanguage":"de-AT","@id":"https:\/\/www.refreshyourlife.at\/poellau\/#\/schema\/logo\/image\/","url":"https:\/\/www.refreshyourlife.at\/poellau\/wp-content\/uploads\/sites\/5\/2025\/04\/Vorschaubild2.webp","contentUrl":"https:\/\/www.refreshyourlife.at\/poellau\/wp-content\/uploads\/sites\/5\/2025\/04\/Vorschaubild2.webp","width":512,"height":512,"caption":"Refresh Your Life P\u00f6llau"},"image":{"@id":"https:\/\/www.refreshyourlife.at\/poellau\/#\/schema\/logo\/image\/"}}]}},"_links":{"self":[{"href":"https:\/\/www.refreshyourlife.at\/poellau\/wp-json\/wp\/v2\/pages\/161","targetHints":{"allow":["GET"]}}],"collection":[{"href":"https:\/\/www.refreshyourlife.at\/poellau\/wp-json\/wp\/v2\/pages"}],"about":[{"href":"https:\/\/www.refreshyourlife.at\/poellau\/wp-json\/wp\/v2\/types\/page"}],"author":[{"embeddable":true,"href":"https:\/\/www.refreshyourlife.at\/poellau\/wp-json\/wp\/v2\/users\/1"}],"replies":[{"embeddable":true,"href":"https:\/\/www.refreshyourlife.at\/poellau\/wp-json\/wp\/v2\/comments?post=161"}],"version-history":[{"count":7,"href":"https:\/\/www.refreshyourlife.at\/poellau\/wp-json\/wp\/v2\/pages\/161\/revisions"}],"predecessor-version":[{"id":566,"href":"https:\/\/www.refreshyourlife.at\/poellau\/wp-json\/wp\/v2\/pages\/161\/revisions\/566"}],"wp:attachment":[{"href":"https:\/\/www.refreshyourlife.at\/poellau\/wp-json\/wp\/v2\/media?parent=161"}],"curies":[{"name":"wp","href":"https:\/\/api.w.org\/{rel}","templated":true}]}}