{"id":81,"date":"2025-02-28T20:33:08","date_gmt":"2025-02-28T19:33:08","guid":{"rendered":"https:\/\/www.refreshyourlife.at\/hartberg\/datenschutz\/"},"modified":"2025-04-30T11:23:46","modified_gmt":"2025-04-30T09:23:46","slug":"datenschutz","status":"publish","type":"page","link":"https:\/\/www.refreshyourlife.at\/hartberg\/datenschutz\/","title":{"rendered":"Datenschutz"},"content":{"rendered":"\t\t<div data-elementor-type=\"wp-page\" data-elementor-id=\"81\" class=\"elementor elementor-81\" data-elementor-post-type=\"page\">\n\t\t\t\t<div class=\"elementor-element elementor-element-2f6d4381 e-flex e-con-boxed e-con e-parent\" data-id=\"2f6d4381\" data-element_type=\"container\" data-e-type=\"container\">\n\t\t\t\t\t<div class=\"e-con-inner\">\n\t\t\t\t<div class=\"elementor-element elementor-element-79399846 elementor-widget elementor-widget-heading\" data-id=\"79399846\" data-element_type=\"widget\" data-e-type=\"widget\" data-widget_type=\"heading.default\">\n\t\t\t\t<div class=\"elementor-widget-container\">\n\t\t\t\t\t<h2 class=\"elementor-heading-title elementor-size-default\">Datenschutz<\/h2>\t\t\t\t<\/div>\n\t\t\t\t<\/div>\n\t\t\t\t<div class=\"elementor-element elementor-element-136e101 elementor-widget elementor-widget-text-editor\" data-id=\"136e101\" data-element_type=\"widget\" data-e-type=\"widget\" data-widget_type=\"text-editor.default\">\n\t\t\t\t<div class=\"elementor-widget-container\">\n\t\t\t\t\t\t\t\t\t<div><div><strong>Verwendung von Daten<\/strong><\/div><\/div><div><div>Datenschutz ist uns ein besonderes Anliegen und daher ist die Einhaltung der einschl\u00e4gigen datenschutzrechtlichen Vorschriften f\u00fcr uns selbstverst\u00e4ndlich. Wir erfassen und bearbeiten Daten, die Sie uns aktiv \u00fcber die Website bekannt geben (z.B. Name, Adresse, Telefonnummer, E-Mail-Adresse) in elektronischer Form f\u00fcr den von Ihnen gew\u00fcnschte Zweck wie R\u00fcckrufe und Beantwortung Ihrer Anfragen sowie Erstellung von Angeboten<\/div><\/div><div><div>\u00a0<\/div><\/div><div><div><strong>Beantwortung Ihrer Anfragen<\/strong><br \/>Wenn Sie Anfragen \u00fcber unsere Website t\u00e4tigen, erteilen Sie uns die Zustimmung zur Kontaktaufnahme. E-Mails, die von Ihnen an E-Mail-Adressen dieses Mediums gesendet werden, werden registriert und an einen zust\u00e4ndigen Mitarbeiter zur Bearbeitung weitergeleitet. Die von Ihnen eingegebenen Daten werden mit dem vorhandenen Datenbestand auf G\u00fcltigkeit und Aktualit\u00e4t \u00fcberpr\u00fcft. Gegebenenfalls werden die bei uns gespeicherten Daten aktualisiert. Eine Weitergabe Ihrer Daten an Dritte erfolgt nur sofern sie zur Erf\u00fcllung eines Vertragsverh\u00e4ltnisses notwendig ist.<\/div><\/div><div><div><strong>\u00a0<\/strong><\/div><\/div><div><div><strong>Bitte beachten Sie<\/strong><br \/>Sie k\u00f6nnen Ihre Zustimmung zur Datenverwendung jederzeit widerrufen. Sie haben jederzeit das Recht auf Auskunft, Berichtigung oder L\u00f6schung ihrer gespeicherten Daten. Bitte wenden Sie sich mit Ihrem Anliegen per E-Mail an unseren Beauftragten.<\/div><\/div><div><div>\u00a0<\/div><\/div><div><div><strong>Cookies<\/strong><br \/>Cookies sind kleine Dateien, die es dieser Webseite erm\u00f6glichen auf dem Computer des Besuchers spezifische, auf den Nutzer bezogene Informationen zu speichern, w\u00e4hrend unsere Website besucht wird. Cookies helfen uns dabei, die Nutzungsh\u00e4ufigkeit und die Anzahl der Nutzer unserer Internetseiten zu ermitteln, sowie unsere Angebote f\u00fcr Sie komfortabel und effizient zu gestalten. Wir verwenden einerseits Session-Cookies, die ausschlie\u00dflich f\u00fcr die Dauer Ihrer Nutzung unserer Website zwischengespeichert werden und zum anderen permanente Cookies, um Informationen \u00fcber Besucher festzuhalten, die wiederholt auf unsere Website zugreifen. Der Zweck des Einsatzes dieser Cookies besteht darin, eine optimale Benutzerf\u00fchrung anbieten zu k\u00f6nnen sowie Besucher wiederzuerkennen und bei wiederholter Nutzung eine m\u00f6glichst attraktive Website und interessante Inhalte pr\u00e4sentieren zu k\u00f6nnen. Der Inhalt eines permanenten Cookies beschr\u00e4nkt sich auf eine Identifikationsnummer. Name, IP-Adresse usw. werden nicht gespeichert. Eine Einzelprofilbildung \u00fcber Ihr Nutzungsverhalten findet nicht statt. Eine Nutzung unserer Angebote ist auch ohne Cookies m\u00f6glich. Sie k\u00f6nnen in Ihrem Browser das Speichern von Cookies deaktivieren, auf bestimmte Webseiten beschr\u00e4nken oder Ihren Webbrowser (Chrome, IE, Firefox,\u2026) so einstellen, dass er sie benachrichtigt, sobald ein Cookie gesendet wird. Sie k\u00f6nnen Cookies auch jederzeit von der Festplatte ihres PC l\u00f6schen. Bitte beachten Sie aber, dass Sie in diesem Fall mit einer eingeschr\u00e4nkten Darstellung der Seite und mit einer eingeschr\u00e4nkten Benutzerf\u00fchrung rechnen m\u00fcssen.<\/div><\/div>\t\t\t\t\t\t\t\t<\/div>\n\t\t\t\t<\/div>\n\t\t\t\t\t<\/div>\n\t\t\t\t<\/div>\n\t\t\t\t<\/div>\n\t\t","protected":false},"excerpt":{"rendered":"<p>Datenschutz Verwendung von DatenDatenschutz ist uns ein besonderes Anliegen und daher ist die Einhaltung der einschl\u00e4gigen datenschutzrechtlichen Vorschriften f\u00fcr uns selbstverst\u00e4ndlich. Wir erfassen und bearbeiten Daten, die Sie uns aktiv \u00fcber die Website bekannt geben (z.B. Name, Adresse, Telefonnummer, E-Mail-Adresse) in elektronischer Form f\u00fcr den von Ihnen gew\u00fcnschte Zweck wie R\u00fcckrufe und Beantwortung Ihrer Anfragen [&hellip;]<\/p>\n","protected":false},"author":2,"featured_media":0,"parent":0,"menu_order":0,"comment_status":"closed","ping_status":"closed","template":"","meta":{"footnotes":""},"class_list":["post-81","page","type-page","status-publish","hentry"],"yoast_head":"<!-- This site is optimized with the Yoast SEO plugin v25.6 - https:\/\/yoast.com\/wordpress\/plugins\/seo\/ -->\n<title>Datenschutz - Refresh Your Life Hartberg<\/title>\n<meta name=\"description\" content=\"Deine Daten sind bei uns sicher. Erfahre, wie wir sie sch\u00fctzen und verantwortungsvoll nutzen \u2013 transparent &amp; DSGVO-konform.\" \/>\n<meta name=\"robots\" content=\"index, follow, max-snippet:-1, max-image-preview:large, max-video-preview:-1\" \/>\n<link rel=\"canonical\" href=\"https:\/\/www.refreshyourlife.at\/hartberg\/datenschutz\/\" \/>\n<meta property=\"og:locale\" content=\"de_DE\" \/>\n<meta property=\"og:type\" content=\"article\" \/>\n<meta property=\"og:title\" content=\"Datenschutz - Refresh Your Life Hartberg\" \/>\n<meta property=\"og:description\" content=\"Deine Daten sind bei uns sicher. Erfahre, wie wir sie sch\u00fctzen und verantwortungsvoll nutzen \u2013 transparent &amp; DSGVO-konform.\" \/>\n<meta property=\"og:url\" content=\"https:\/\/www.refreshyourlife.at\/hartberg\/datenschutz\/\" \/>\n<meta property=\"og:site_name\" content=\"Refreshyourlife Hartberg\" \/>\n<meta property=\"article:modified_time\" content=\"2025-04-30T09:23:46+00:00\" \/>\n<meta name=\"twitter:card\" content=\"summary_large_image\" \/>\n<meta name=\"twitter:label1\" content=\"Gesch\u00e4tzte Lesezeit\" \/>\n\t<meta name=\"twitter:data1\" content=\"3 Minuten\" \/>\n<script type=\"application\/ld+json\" class=\"yoast-schema-graph\">{\"@context\":\"https:\/\/schema.org\",\"@graph\":[{\"@type\":\"WebPage\",\"@id\":\"https:\/\/www.refreshyourlife.at\/hartberg\/datenschutz\/\",\"url\":\"https:\/\/www.refreshyourlife.at\/hartberg\/datenschutz\/\",\"name\":\"Datenschutz - Refresh Your Life Hartberg\",\"isPartOf\":{\"@id\":\"https:\/\/www.refreshyourlife.at\/hartberg\/#website\"},\"datePublished\":\"2025-02-28T19:33:08+00:00\",\"dateModified\":\"2025-04-30T09:23:46+00:00\",\"description\":\"Deine Daten sind bei uns sicher. Erfahre, wie wir sie sch\u00fctzen und verantwortungsvoll nutzen \u2013 transparent & DSGVO-konform.\",\"breadcrumb\":{\"@id\":\"https:\/\/www.refreshyourlife.at\/hartberg\/datenschutz\/#breadcrumb\"},\"inLanguage\":\"de-AT\",\"potentialAction\":[{\"@type\":\"ReadAction\",\"target\":[\"https:\/\/www.refreshyourlife.at\/hartberg\/datenschutz\/\"]}]},{\"@type\":\"BreadcrumbList\",\"@id\":\"https:\/\/www.refreshyourlife.at\/hartberg\/datenschutz\/#breadcrumb\",\"itemListElement\":[{\"@type\":\"ListItem\",\"position\":1,\"name\":\"Startseite\",\"item\":\"https:\/\/www.refreshyourlife.at\/hartberg\/\"},{\"@type\":\"ListItem\",\"position\":2,\"name\":\"Datenschutz\"}]},{\"@type\":\"WebSite\",\"@id\":\"https:\/\/www.refreshyourlife.at\/hartberg\/#website\",\"url\":\"https:\/\/www.refreshyourlife.at\/hartberg\/\",\"name\":\"Refreshyourlife Hartberg\",\"description\":\"\",\"publisher\":{\"@id\":\"https:\/\/www.refreshyourlife.at\/hartberg\/#organization\"},\"potentialAction\":[{\"@type\":\"SearchAction\",\"target\":{\"@type\":\"EntryPoint\",\"urlTemplate\":\"https:\/\/www.refreshyourlife.at\/hartberg\/?s={search_term_string}\"},\"query-input\":{\"@type\":\"PropertyValueSpecification\",\"valueRequired\":true,\"valueName\":\"search_term_string\"}}],\"inLanguage\":\"de-AT\"},{\"@type\":\"Organization\",\"@id\":\"https:\/\/www.refreshyourlife.at\/hartberg\/#organization\",\"name\":\"Refreshyourlife Hartberg\",\"url\":\"https:\/\/www.refreshyourlife.at\/hartberg\/\",\"logo\":{\"@type\":\"ImageObject\",\"inLanguage\":\"de-AT\",\"@id\":\"https:\/\/www.refreshyourlife.at\/hartberg\/#\/schema\/logo\/image\/\",\"url\":\"https:\/\/www.refreshyourlife.at\/hartberg\/wp-content\/uploads\/sites\/3\/2025\/02\/logo.png\",\"contentUrl\":\"https:\/\/www.refreshyourlife.at\/hartberg\/wp-content\/uploads\/sites\/3\/2025\/02\/logo.png\",\"width\":1000,\"height\":201,\"caption\":\"Refreshyourlife Hartberg\"},\"image\":{\"@id\":\"https:\/\/www.refreshyourlife.at\/hartberg\/#\/schema\/logo\/image\/\"}}]}<\/script>\n<!-- \/ Yoast SEO plugin. -->","yoast_head_json":{"title":"Datenschutz - Refresh Your Life Hartberg","description":"Deine Daten sind bei uns sicher. Erfahre, wie wir sie sch\u00fctzen und verantwortungsvoll nutzen \u2013 transparent & DSGVO-konform.","robots":{"index":"index","follow":"follow","max-snippet":"max-snippet:-1","max-image-preview":"max-image-preview:large","max-video-preview":"max-video-preview:-1"},"canonical":"https:\/\/www.refreshyourlife.at\/hartberg\/datenschutz\/","og_locale":"de_DE","og_type":"article","og_title":"Datenschutz - Refresh Your Life Hartberg","og_description":"Deine Daten sind bei uns sicher. Erfahre, wie wir sie sch\u00fctzen und verantwortungsvoll nutzen \u2013 transparent & DSGVO-konform.","og_url":"https:\/\/www.refreshyourlife.at\/hartberg\/datenschutz\/","og_site_name":"Refreshyourlife Hartberg","article_modified_time":"2025-04-30T09:23:46+00:00","twitter_card":"summary_large_image","twitter_misc":{"Gesch\u00e4tzte Lesezeit":"3 Minuten"},"schema":{"@context":"https:\/\/schema.org","@graph":[{"@type":"WebPage","@id":"https:\/\/www.refreshyourlife.at\/hartberg\/datenschutz\/","url":"https:\/\/www.refreshyourlife.at\/hartberg\/datenschutz\/","name":"Datenschutz - Refresh Your Life Hartberg","isPartOf":{"@id":"https:\/\/www.refreshyourlife.at\/hartberg\/#website"},"datePublished":"2025-02-28T19:33:08+00:00","dateModified":"2025-04-30T09:23:46+00:00","description":"Deine Daten sind bei uns sicher. Erfahre, wie wir sie sch\u00fctzen und verantwortungsvoll nutzen \u2013 transparent & DSGVO-konform.","breadcrumb":{"@id":"https:\/\/www.refreshyourlife.at\/hartberg\/datenschutz\/#breadcrumb"},"inLanguage":"de-AT","potentialAction":[{"@type":"ReadAction","target":["https:\/\/www.refreshyourlife.at\/hartberg\/datenschutz\/"]}]},{"@type":"BreadcrumbList","@id":"https:\/\/www.refreshyourlife.at\/hartberg\/datenschutz\/#breadcrumb","itemListElement":[{"@type":"ListItem","position":1,"name":"Startseite","item":"https:\/\/www.refreshyourlife.at\/hartberg\/"},{"@type":"ListItem","position":2,"name":"Datenschutz"}]},{"@type":"WebSite","@id":"https:\/\/www.refreshyourlife.at\/hartberg\/#website","url":"https:\/\/www.refreshyourlife.at\/hartberg\/","name":"Refreshyourlife Hartberg","description":"","publisher":{"@id":"https:\/\/www.refreshyourlife.at\/hartberg\/#organization"},"potentialAction":[{"@type":"SearchAction","target":{"@type":"EntryPoint","urlTemplate":"https:\/\/www.refreshyourlife.at\/hartberg\/?s={search_term_string}"},"query-input":{"@type":"PropertyValueSpecification","valueRequired":true,"valueName":"search_term_string"}}],"inLanguage":"de-AT"},{"@type":"Organization","@id":"https:\/\/www.refreshyourlife.at\/hartberg\/#organization","name":"Refreshyourlife Hartberg","url":"https:\/\/www.refreshyourlife.at\/hartberg\/","logo":{"@type":"ImageObject","inLanguage":"de-AT","@id":"https:\/\/www.refreshyourlife.at\/hartberg\/#\/schema\/logo\/image\/","url":"https:\/\/www.refreshyourlife.at\/hartberg\/wp-content\/uploads\/sites\/3\/2025\/02\/logo.png","contentUrl":"https:\/\/www.refreshyourlife.at\/hartberg\/wp-content\/uploads\/sites\/3\/2025\/02\/logo.png","width":1000,"height":201,"caption":"Refreshyourlife Hartberg"},"image":{"@id":"https:\/\/www.refreshyourlife.at\/hartberg\/#\/schema\/logo\/image\/"}}]}},"_links":{"self":[{"href":"https:\/\/www.refreshyourlife.at\/hartberg\/wp-json\/wp\/v2\/pages\/81","targetHints":{"allow":["GET"]}}],"collection":[{"href":"https:\/\/www.refreshyourlife.at\/hartberg\/wp-json\/wp\/v2\/pages"}],"about":[{"href":"https:\/\/www.refreshyourlife.at\/hartberg\/wp-json\/wp\/v2\/types\/page"}],"author":[{"embeddable":true,"href":"https:\/\/www.refreshyourlife.at\/hartberg\/wp-json\/wp\/v2\/users\/2"}],"replies":[{"embeddable":true,"href":"https:\/\/www.refreshyourlife.at\/hartberg\/wp-json\/wp\/v2\/comments?post=81"}],"version-history":[{"count":10,"href":"https:\/\/www.refreshyourlife.at\/hartberg\/wp-json\/wp\/v2\/pages\/81\/revisions"}],"predecessor-version":[{"id":296,"href":"https:\/\/www.refreshyourlife.at\/hartberg\/wp-json\/wp\/v2\/pages\/81\/revisions\/296"}],"wp:attachment":[{"href":"https:\/\/www.refreshyourlife.at\/hartberg\/wp-json\/wp\/v2\/media?parent=81"}],"curies":[{"name":"wp","href":"https:\/\/api.w.org\/{rel}","templated":true}]}}