{"id":78,"date":"2025-02-28T20:33:08","date_gmt":"2025-02-28T19:33:08","guid":{"rendered":"https:\/\/www.refreshyourlife.at\/hartberg\/impressum\/"},"modified":"2025-04-30T11:23:52","modified_gmt":"2025-04-30T09:23:52","slug":"impressum","status":"publish","type":"page","link":"https:\/\/www.refreshyourlife.at\/hartberg\/impressum\/","title":{"rendered":"Impressum"},"content":{"rendered":"\t\t<div data-elementor-type=\"wp-page\" data-elementor-id=\"78\" class=\"elementor elementor-78\" data-elementor-post-type=\"page\">\n\t\t\t\t<div class=\"elementor-element elementor-element-39a0d142 e-flex e-con-boxed e-con e-parent\" data-id=\"39a0d142\" data-element_type=\"container\" data-e-type=\"container\">\n\t\t\t\t\t<div class=\"e-con-inner\">\n\t\t\t\t<div class=\"elementor-element elementor-element-5c8c9cca elementor-widget elementor-widget-heading\" data-id=\"5c8c9cca\" data-element_type=\"widget\" data-e-type=\"widget\" data-widget_type=\"heading.default\">\n\t\t\t\t<div class=\"elementor-widget-container\">\n\t\t\t\t\t<h2 class=\"elementor-heading-title elementor-size-default\">Impressum<\/h2>\t\t\t\t<\/div>\n\t\t\t\t<\/div>\n\t\t\t\t\t<\/div>\n\t\t\t\t<\/div>\n\t\t<div class=\"elementor-element elementor-element-7b8602f7 e-flex e-con-boxed e-con e-parent\" data-id=\"7b8602f7\" data-element_type=\"container\" data-e-type=\"container\">\n\t\t\t\t\t<div class=\"e-con-inner\">\n\t\t\t\t<div class=\"elementor-element elementor-element-cd1034a elementor-widget elementor-widget-text-editor\" data-id=\"cd1034a\" data-element_type=\"widget\" data-e-type=\"widget\" data-widget_type=\"text-editor.default\">\n\t\t\t\t<div class=\"elementor-widget-container\">\n\t\t\t\t\t\t\t\t\t<div><div>RYL GmbH<br \/>Oberneuberg 18<br \/>8225 P\u00f6llauberg<br \/>\u00d6sterreich<\/div><\/div><div><div><strong>Tel.:<\/strong>\u00a0+43 664 6413982<br \/><strong>E-Mail:<\/strong>\u00a0office@refreshyourlife.at<\/div><\/div><div><div><strong>Gesch\u00e4ftsf\u00fchrer:<\/strong>\u00a0Mario Stranz<\/div><\/div><div><div>\u00a0<\/div><\/div><div><div><strong>Haftungsausschluss<\/strong><\/div><\/div><div><div>INHALT DES ONLINEANGEBOTS<br \/>Der Betreiber \u00fcbernimmt keinerlei Verantwortung gegen\u00fcber Richtigkeit und Vollst\u00e4ndigkeit des Onlineangebots.Haftungsanspr\u00fcche gegen\u00fcber dem Autor oder Betreiber sind grunds\u00e4tzlich ausgeschlossen.Alle Angebote sind unverbindlich und freibleibend.<\/div><\/div><div><div>\u00a0<\/div><\/div><div><div><strong>LINKS<\/strong><br \/>Der Autor oder Betreiber \u00fcbernimmt keine Haftung jeglicher Art f\u00fcr die Inhalte von verweisenden Webseiten au\u00dferhalb dieses Online Angebotes.<\/div><\/div><div><div>\u00a0<\/div><\/div><div><div><strong>URHEBERRECHT<\/strong><br \/>Alle Inhalte, Bilder und Texte sind urheberrechtlich gesch\u00fctzt und d\u00fcrfen nicht ohne ausdr\u00fcckliche Erlaubnis des Betreibers und Autors in jeglicher Art und Weise verwendet werden.<\/div><\/div><div><div>\u00a0<\/div><\/div><div><div><strong>BILDERNACHWEIS<\/strong><br \/>Die Bilder, Fotos und Grafiken auf dieser Webseite sind urheberrechtlich gesch\u00fctzt.Die Bilderrechte liegen bei den folgenden Fotografen und Unternehmen:<\/div><\/div><div><div>RLY GmbH<br \/>Stockphoto<\/div><\/div>\t\t\t\t\t\t\t\t<\/div>\n\t\t\t\t<\/div>\n\t\t\t\t\t<\/div>\n\t\t\t\t<\/div>\n\t\t\t\t<\/div>\n\t\t","protected":false},"excerpt":{"rendered":"<p>Impressum RYL GmbHOberneuberg 188225 P\u00f6llauberg\u00d6sterreichTel.:\u00a0+43 664 6413982E-Mail:\u00a0office@refreshyourlife.atGesch\u00e4ftsf\u00fchrer:\u00a0Mario Stranz\u00a0HaftungsausschlussINHALT DES ONLINEANGEBOTSDer Betreiber \u00fcbernimmt keinerlei Verantwortung gegen\u00fcber Richtigkeit und Vollst\u00e4ndigkeit des Onlineangebots.Haftungsanspr\u00fcche gegen\u00fcber dem Autor oder Betreiber sind grunds\u00e4tzlich ausgeschlossen.Alle Angebote sind unverbindlich und freibleibend.\u00a0LINKSDer Autor oder Betreiber \u00fcbernimmt keine Haftung jeglicher Art f\u00fcr die Inhalte von verweisenden Webseiten au\u00dferhalb dieses Online Angebotes.\u00a0URHEBERRECHTAlle Inhalte, Bilder und Texte [&hellip;]<\/p>\n","protected":false},"author":2,"featured_media":0,"parent":0,"menu_order":0,"comment_status":"closed","ping_status":"closed","template":"","meta":{"footnotes":""},"class_list":["post-78","page","type-page","status-publish","hentry"],"yoast_head":"<!-- This site is optimized with the Yoast SEO plugin v25.6 - https:\/\/yoast.com\/wordpress\/plugins\/seo\/ -->\n<title>Impressum \u2013 Refresh Your Life Hartberg<\/title>\n<meta name=\"description\" content=\"Impressum - Alle rechtlichen Informationen zu Refresh Your Life Hartberg: Adresse, Kontakt und Verantwortliche. Transparent f\u00fcr unsere Kunden\" \/>\n<meta name=\"robots\" content=\"index, follow, max-snippet:-1, max-image-preview:large, max-video-preview:-1\" \/>\n<link rel=\"canonical\" href=\"https:\/\/www.refreshyourlife.at\/hartberg\/impressum\/\" \/>\n<meta property=\"og:locale\" content=\"de_DE\" \/>\n<meta property=\"og:type\" content=\"article\" \/>\n<meta property=\"og:title\" content=\"Impressum \u2013 Refresh Your Life Hartberg\" \/>\n<meta property=\"og:description\" content=\"Impressum - Alle rechtlichen Informationen zu Refresh Your Life Hartberg: Adresse, Kontakt und Verantwortliche. Transparent f\u00fcr unsere Kunden\" \/>\n<meta property=\"og:url\" content=\"https:\/\/www.refreshyourlife.at\/hartberg\/impressum\/\" \/>\n<meta property=\"og:site_name\" content=\"Refreshyourlife Hartberg\" \/>\n<meta property=\"article:modified_time\" content=\"2025-04-30T09:23:52+00:00\" \/>\n<meta name=\"twitter:card\" content=\"summary_large_image\" \/>\n<meta name=\"twitter:label1\" content=\"Gesch\u00e4tzte Lesezeit\" \/>\n\t<meta name=\"twitter:data1\" content=\"1 Minute\" \/>\n<script type=\"application\/ld+json\" class=\"yoast-schema-graph\">{\"@context\":\"https:\/\/schema.org\",\"@graph\":[{\"@type\":\"WebPage\",\"@id\":\"https:\/\/www.refreshyourlife.at\/hartberg\/impressum\/\",\"url\":\"https:\/\/www.refreshyourlife.at\/hartberg\/impressum\/\",\"name\":\"Impressum \u2013 Refresh Your Life Hartberg\",\"isPartOf\":{\"@id\":\"https:\/\/www.refreshyourlife.at\/hartberg\/#website\"},\"datePublished\":\"2025-02-28T19:33:08+00:00\",\"dateModified\":\"2025-04-30T09:23:52+00:00\",\"description\":\"Impressum - Alle rechtlichen Informationen zu Refresh Your Life Hartberg: Adresse, Kontakt und Verantwortliche. Transparent f\u00fcr unsere Kunden\",\"breadcrumb\":{\"@id\":\"https:\/\/www.refreshyourlife.at\/hartberg\/impressum\/#breadcrumb\"},\"inLanguage\":\"de-AT\",\"potentialAction\":[{\"@type\":\"ReadAction\",\"target\":[\"https:\/\/www.refreshyourlife.at\/hartberg\/impressum\/\"]}]},{\"@type\":\"BreadcrumbList\",\"@id\":\"https:\/\/www.refreshyourlife.at\/hartberg\/impressum\/#breadcrumb\",\"itemListElement\":[{\"@type\":\"ListItem\",\"position\":1,\"name\":\"Startseite\",\"item\":\"https:\/\/www.refreshyourlife.at\/hartberg\/\"},{\"@type\":\"ListItem\",\"position\":2,\"name\":\"Impressum\"}]},{\"@type\":\"WebSite\",\"@id\":\"https:\/\/www.refreshyourlife.at\/hartberg\/#website\",\"url\":\"https:\/\/www.refreshyourlife.at\/hartberg\/\",\"name\":\"Refreshyourlife Hartberg\",\"description\":\"\",\"publisher\":{\"@id\":\"https:\/\/www.refreshyourlife.at\/hartberg\/#organization\"},\"potentialAction\":[{\"@type\":\"SearchAction\",\"target\":{\"@type\":\"EntryPoint\",\"urlTemplate\":\"https:\/\/www.refreshyourlife.at\/hartberg\/?s={search_term_string}\"},\"query-input\":{\"@type\":\"PropertyValueSpecification\",\"valueRequired\":true,\"valueName\":\"search_term_string\"}}],\"inLanguage\":\"de-AT\"},{\"@type\":\"Organization\",\"@id\":\"https:\/\/www.refreshyourlife.at\/hartberg\/#organization\",\"name\":\"Refreshyourlife Hartberg\",\"url\":\"https:\/\/www.refreshyourlife.at\/hartberg\/\",\"logo\":{\"@type\":\"ImageObject\",\"inLanguage\":\"de-AT\",\"@id\":\"https:\/\/www.refreshyourlife.at\/hartberg\/#\/schema\/logo\/image\/\",\"url\":\"https:\/\/www.refreshyourlife.at\/hartberg\/wp-content\/uploads\/sites\/3\/2025\/02\/logo.png\",\"contentUrl\":\"https:\/\/www.refreshyourlife.at\/hartberg\/wp-content\/uploads\/sites\/3\/2025\/02\/logo.png\",\"width\":1000,\"height\":201,\"caption\":\"Refreshyourlife Hartberg\"},\"image\":{\"@id\":\"https:\/\/www.refreshyourlife.at\/hartberg\/#\/schema\/logo\/image\/\"}}]}<\/script>\n<!-- \/ Yoast SEO plugin. -->","yoast_head_json":{"title":"Impressum \u2013 Refresh Your Life Hartberg","description":"Impressum - Alle rechtlichen Informationen zu Refresh Your Life Hartberg: Adresse, Kontakt und Verantwortliche. Transparent f\u00fcr unsere Kunden","robots":{"index":"index","follow":"follow","max-snippet":"max-snippet:-1","max-image-preview":"max-image-preview:large","max-video-preview":"max-video-preview:-1"},"canonical":"https:\/\/www.refreshyourlife.at\/hartberg\/impressum\/","og_locale":"de_DE","og_type":"article","og_title":"Impressum \u2013 Refresh Your Life Hartberg","og_description":"Impressum - Alle rechtlichen Informationen zu Refresh Your Life Hartberg: Adresse, Kontakt und Verantwortliche. Transparent f\u00fcr unsere Kunden","og_url":"https:\/\/www.refreshyourlife.at\/hartberg\/impressum\/","og_site_name":"Refreshyourlife Hartberg","article_modified_time":"2025-04-30T09:23:52+00:00","twitter_card":"summary_large_image","twitter_misc":{"Gesch\u00e4tzte Lesezeit":"1 Minute"},"schema":{"@context":"https:\/\/schema.org","@graph":[{"@type":"WebPage","@id":"https:\/\/www.refreshyourlife.at\/hartberg\/impressum\/","url":"https:\/\/www.refreshyourlife.at\/hartberg\/impressum\/","name":"Impressum \u2013 Refresh Your Life Hartberg","isPartOf":{"@id":"https:\/\/www.refreshyourlife.at\/hartberg\/#website"},"datePublished":"2025-02-28T19:33:08+00:00","dateModified":"2025-04-30T09:23:52+00:00","description":"Impressum - Alle rechtlichen Informationen zu Refresh Your Life Hartberg: Adresse, Kontakt und Verantwortliche. Transparent f\u00fcr unsere Kunden","breadcrumb":{"@id":"https:\/\/www.refreshyourlife.at\/hartberg\/impressum\/#breadcrumb"},"inLanguage":"de-AT","potentialAction":[{"@type":"ReadAction","target":["https:\/\/www.refreshyourlife.at\/hartberg\/impressum\/"]}]},{"@type":"BreadcrumbList","@id":"https:\/\/www.refreshyourlife.at\/hartberg\/impressum\/#breadcrumb","itemListElement":[{"@type":"ListItem","position":1,"name":"Startseite","item":"https:\/\/www.refreshyourlife.at\/hartberg\/"},{"@type":"ListItem","position":2,"name":"Impressum"}]},{"@type":"WebSite","@id":"https:\/\/www.refreshyourlife.at\/hartberg\/#website","url":"https:\/\/www.refreshyourlife.at\/hartberg\/","name":"Refreshyourlife Hartberg","description":"","publisher":{"@id":"https:\/\/www.refreshyourlife.at\/hartberg\/#organization"},"potentialAction":[{"@type":"SearchAction","target":{"@type":"EntryPoint","urlTemplate":"https:\/\/www.refreshyourlife.at\/hartberg\/?s={search_term_string}"},"query-input":{"@type":"PropertyValueSpecification","valueRequired":true,"valueName":"search_term_string"}}],"inLanguage":"de-AT"},{"@type":"Organization","@id":"https:\/\/www.refreshyourlife.at\/hartberg\/#organization","name":"Refreshyourlife Hartberg","url":"https:\/\/www.refreshyourlife.at\/hartberg\/","logo":{"@type":"ImageObject","inLanguage":"de-AT","@id":"https:\/\/www.refreshyourlife.at\/hartberg\/#\/schema\/logo\/image\/","url":"https:\/\/www.refreshyourlife.at\/hartberg\/wp-content\/uploads\/sites\/3\/2025\/02\/logo.png","contentUrl":"https:\/\/www.refreshyourlife.at\/hartberg\/wp-content\/uploads\/sites\/3\/2025\/02\/logo.png","width":1000,"height":201,"caption":"Refreshyourlife Hartberg"},"image":{"@id":"https:\/\/www.refreshyourlife.at\/hartberg\/#\/schema\/logo\/image\/"}}]}},"_links":{"self":[{"href":"https:\/\/www.refreshyourlife.at\/hartberg\/wp-json\/wp\/v2\/pages\/78","targetHints":{"allow":["GET"]}}],"collection":[{"href":"https:\/\/www.refreshyourlife.at\/hartberg\/wp-json\/wp\/v2\/pages"}],"about":[{"href":"https:\/\/www.refreshyourlife.at\/hartberg\/wp-json\/wp\/v2\/types\/page"}],"author":[{"embeddable":true,"href":"https:\/\/www.refreshyourlife.at\/hartberg\/wp-json\/wp\/v2\/users\/2"}],"replies":[{"embeddable":true,"href":"https:\/\/www.refreshyourlife.at\/hartberg\/wp-json\/wp\/v2\/comments?post=78"}],"version-history":[{"count":13,"href":"https:\/\/www.refreshyourlife.at\/hartberg\/wp-json\/wp\/v2\/pages\/78\/revisions"}],"predecessor-version":[{"id":299,"href":"https:\/\/www.refreshyourlife.at\/hartberg\/wp-json\/wp\/v2\/pages\/78\/revisions\/299"}],"wp:attachment":[{"href":"https:\/\/www.refreshyourlife.at\/hartberg\/wp-json\/wp\/v2\/media?parent=78"}],"curies":[{"name":"wp","href":"https:\/\/api.w.org\/{rel}","templated":true}]}}